{"id":578,"date":"2015-10-15T15:32:40","date_gmt":"2015-10-15T15:32:40","guid":{"rendered":"https:\/\/hierroseuropa.com\/contact\/"},"modified":"2021-05-15T11:45:48","modified_gmt":"2021-05-15T11:45:48","slug":"contact","status":"publish","type":"page","link":"https:\/\/hierroseuropa.com\/en\/contact\/","title":{"rendered":"Contacto"},"content":{"rendered":"\n<style type=\"text\/css\" data-created_by=\"avia_inline_auto\" id=\"style-css-av-2jgumu-e830d45e5925e7ff46ebd3b684bbf940\">\n.flex_column.av-2jgumu-e830d45e5925e7ff46ebd3b684bbf940{\nborder-radius:0px 0px 0px 0px;\npadding:0px 0px 0px 0px;\n}\n<\/style>\n<div  class='flex_column av-2jgumu-e830d45e5925e7ff46ebd3b684bbf940 av_two_third  avia-builder-el-0  el_before_av_one_third  avia-builder-el-first  first flex_column_div av-animated-generic bottom-to-top av-zero-column-padding  '     ><p>\n<style type=\"text\/css\" data-created_by=\"avia_inline_auto\" id=\"style-css-av-av_heading-add3d6dcdbdc91ec134bc0395ba8e988\">\n#top .av-special-heading.av-av_heading-add3d6dcdbdc91ec134bc0395ba8e988{\npadding-bottom:0;\n}\nbody .av-special-heading.av-av_heading-add3d6dcdbdc91ec134bc0395ba8e988 .av-special-heading-tag .heading-char{\nfont-size:25px;\n}\n.av-special-heading.av-av_heading-add3d6dcdbdc91ec134bc0395ba8e988 .av-subheading{\nfont-size:15px;\n}\n<\/style>\n<div  class='av-special-heading av-av_heading-add3d6dcdbdc91ec134bc0395ba8e988 av-special-heading-h3 blockquote modern-quote  avia-builder-el-1  el_before_av_hr  avia-builder-el-first '><h3 class='av-special-heading-tag '  itemprop=\"headline\"  > Contact Form<\/h3><div class=\"special-heading-border\"><div class=\"special-heading-inner-border\"><\/div><\/div><\/div><br \/>\n\n<style type=\"text\/css\" data-created_by=\"avia_inline_auto\" id=\"style-css-av-2aedjq-344c1021aedb74e5073b6f95f91f41d3\">\n#top .hr.av-2aedjq-344c1021aedb74e5073b6f95f91f41d3{\nmargin-top:10px;\nmargin-bottom:10px;\n}\n.hr.av-2aedjq-344c1021aedb74e5073b6f95f91f41d3 .hr-inner{\nwidth:50px;\nborder-color:#efbb20;\n}\n<\/style>\n<div  class='hr av-2aedjq-344c1021aedb74e5073b6f95f91f41d3 hr-custom  avia-builder-el-2  el_after_av_heading  el_before_av_textblock  hr-left hr-icon-no'><span class='hr-inner inner-border-av-border-fat'><span class=\"hr-inner-style\"><\/span><\/span><\/div><br \/>\n<section  class='av_textblock_section av-kopoo1le-9ecd6d4b8c7af77181686d0d39b9bac9 '   itemscope=\"itemscope\" itemtype=\"https:\/\/schema.org\/CreativeWork\" ><div class='avia_textblock'  itemprop=\"text\" >\n<div class=\"wpcf7 no-js\" id=\"wpcf7-f896-o1\" lang=\"en-US\" dir=\"ltr\" data-wpcf7-id=\"896\">\n<div class=\"screen-reader-response\"><p role=\"status\" aria-live=\"polite\" aria-atomic=\"true\"><\/p> <ul><\/ul><\/div>\n<form action=\"\/en\/wp-json\/wp\/v2\/pages\/578#wpcf7-f896-o1\" method=\"post\" class=\"wpcf7-form init\" aria-label=\"Contact form\" novalidate=\"novalidate\" data-status=\"init\">\n<fieldset class=\"hidden-fields-container\"><input type=\"hidden\" name=\"_wpcf7\" value=\"896\" \/><input type=\"hidden\" name=\"_wpcf7_version\" value=\"6.1.5\" \/><input type=\"hidden\" name=\"_wpcf7_locale\" value=\"en_US\" \/><input type=\"hidden\" name=\"_wpcf7_unit_tag\" value=\"wpcf7-f896-o1\" \/><input type=\"hidden\" name=\"_wpcf7_container_post\" value=\"0\" \/><input type=\"hidden\" name=\"_wpcf7_posted_data_hash\" value=\"\" \/><input type=\"hidden\" name=\"_wpcf7_recaptcha_response\" value=\"\" \/>\n<\/fieldset>\n<p><label> Your name<br \/>\n<span class=\"wpcf7-form-control-wrap\" data-name=\"your-name\"><input size=\"40\" maxlength=\"400\" class=\"wpcf7-form-control wpcf7-text wpcf7-validates-as-required\" aria-required=\"true\" aria-invalid=\"false\" value=\"\" type=\"text\" name=\"your-name\" \/><\/span> <\/label>\n<\/p>\n<p><label> Your Mail<br \/>\n<span class=\"wpcf7-form-control-wrap\" data-name=\"your-email\"><input size=\"40\" maxlength=\"400\" class=\"wpcf7-form-control wpcf7-email wpcf7-validates-as-required wpcf7-text wpcf7-validates-as-email\" aria-required=\"true\" aria-invalid=\"false\" value=\"\" type=\"email\" name=\"your-email\" \/><\/span> <\/label><br \/>\n<label> Your Telephone number<br \/>\n<span class=\"wpcf7-form-control-wrap\" data-name=\"tel-997\"><input size=\"40\" maxlength=\"400\" class=\"wpcf7-form-control wpcf7-tel wpcf7-validates-as-required wpcf7-text wpcf7-validates-as-tel\" aria-required=\"true\" aria-invalid=\"false\" placeholder=\"your Telephone number\" value=\"\" type=\"tel\" name=\"tel-997\" \/><\/span><br \/>\n<\/label><br \/>\n<label> Subject<br \/>\n<span class=\"wpcf7-form-control-wrap\" data-name=\"your-subject\"><input size=\"40\" maxlength=\"400\" class=\"wpcf7-form-control wpcf7-text wpcf7-validates-as-required\" aria-required=\"true\" aria-invalid=\"false\" value=\"\" type=\"text\" name=\"your-subject\" \/><\/span> <\/label>\n<\/p>\n<p><label> Message (opcional)<br \/>\n<span class=\"wpcf7-form-control-wrap\" data-name=\"your-message\"><textarea cols=\"40\" rows=\"10\" maxlength=\"2000\" class=\"wpcf7-form-control wpcf7-textarea\" aria-invalid=\"false\" name=\"your-message\"><\/textarea><\/span> <\/label>\n<\/p>\n<p><span><span class=\"wpcf7-form-control-wrap\" data-name=\"acceptance-279\"><span class=\"wpcf7-form-control wpcf7-acceptance\"><span class=\"wpcf7-list-item\"><input type=\"checkbox\" name=\"acceptance-279\" value=\"1\" aria-invalid=\"false\" \/><\/span><\/span><\/span> He le\u00eddo y acepto el <a target=\"_blank\" rel=\"nofollow noopener noreferrer\" href=\"https:\/\/hierroseuropa.com\/avisos-legales\">Aviso Legal<\/a> y la <a target=\"_blank\" rel=\"nofollow noopener noreferrer\" href=\"https:\/\/hierroseuropa.com\/politica-de-privacidad\">Pol\u00edtica de Privacidad<\/a>.<\/span>\n<\/p>\n<p><span><span class=\"wpcf7-form-control-wrap\" data-name=\"acceptance-415\"><span class=\"wpcf7-form-control wpcf7-acceptance\"><span class=\"wpcf7-list-item\"><input type=\"checkbox\" name=\"acceptance-415\" value=\"1\" aria-invalid=\"false\" \/><\/span><\/span><\/span> Acepto recibir la informaci\u00f3n que la entidad considere oportuno enviarme por correo electr\u00f3nico o medio de comunicaci\u00f3n electr\u00f3nica equivalente. (Es posible darse de baja en cualquier momento).<\/span><br \/>\n<input class=\"wpcf7-form-control wpcf7-submit has-spinner\" type=\"submit\" value=\"submit\" \/>\n<\/p><div class=\"wpcf7-response-output\" aria-hidden=\"true\"><\/div>\n<\/form>\n<\/div>\n\n<\/div><\/section><\/p><\/div>\n<style type=\"text\/css\" data-created_by=\"avia_inline_auto\" id=\"style-css-av-16ijqe-2a44b0f360c7f50154a041704aae0c68\">\n.flex_column.av-16ijqe-2a44b0f360c7f50154a041704aae0c68{\nborder-radius:0px 0px 0px 0px;\npadding:0px 0px 0px 0px;\n}\n<\/style>\n<div  class='flex_column av-16ijqe-2a44b0f360c7f50154a041704aae0c68 av_one_third  avia-builder-el-4  el_after_av_two_third  el_before_av_textblock  flex_column_div av-animated-generic bottom-to-top av-zero-column-padding  '     ><p>\n<style type=\"text\/css\" data-created_by=\"avia_inline_auto\" id=\"style-css-av-kb21dh0t-6a24bba78df6184119457d232d94bd58\">\n#top .av-special-heading.av-kb21dh0t-6a24bba78df6184119457d232d94bd58{\npadding-bottom:0;\n}\nbody .av-special-heading.av-kb21dh0t-6a24bba78df6184119457d232d94bd58 .av-special-heading-tag .heading-char{\nfont-size:25px;\n}\n.av-special-heading.av-kb21dh0t-6a24bba78df6184119457d232d94bd58 .av-subheading{\nfont-size:15px;\n}\n<\/style>\n<div  class='av-special-heading av-kb21dh0t-6a24bba78df6184119457d232d94bd58 av-special-heading-h3 blockquote modern-quote  avia-builder-el-5  el_before_av_hr  avia-builder-el-first '><h3 class='av-special-heading-tag '  itemprop=\"headline\"  >contact us<\/h3><div class=\"special-heading-border\"><div class=\"special-heading-inner-border\"><\/div><\/div><\/div><br \/>\n\n<style type=\"text\/css\" data-created_by=\"avia_inline_auto\" id=\"style-css-av-y6h9i-7e2e3321e5165278ea47f5530e2da2b7\">\n#top .hr.av-y6h9i-7e2e3321e5165278ea47f5530e2da2b7{\nmargin-top:10px;\nmargin-bottom:10px;\n}\n.hr.av-y6h9i-7e2e3321e5165278ea47f5530e2da2b7 .hr-inner{\nwidth:50px;\nborder-color:#efbb20;\n}\n<\/style>\n<div  class='hr av-y6h9i-7e2e3321e5165278ea47f5530e2da2b7 hr-custom  avia-builder-el-6  el_after_av_heading  el_before_av_textblock  hr-left hr-icon-no'><span class='hr-inner inner-border-av-border-fat'><span class=\"hr-inner-style\"><\/span><\/span><\/div><br \/>\n<section  class='av_textblock_section av-qatue-6092c9dae63723c753cdcc7cab1282bd '   itemscope=\"itemscope\" itemtype=\"https:\/\/schema.org\/CreativeWork\" ><div class='avia_textblock'  itemprop=\"text\" ><p>you can contact us; well, by filling out the form on your left, or the following contact forms<\/p>\n<\/div><\/section><br \/>\n\n<style type=\"text\/css\" data-created_by=\"avia_inline_auto\" id=\"style-css-av-22ju6-c08cdf41eab59ae1e17538eafbb8c657\">\n#top .hr.av-22ju6-c08cdf41eab59ae1e17538eafbb8c657{\nmargin-top:10px;\nmargin-bottom:10px;\n}\n.hr.av-22ju6-c08cdf41eab59ae1e17538eafbb8c657 .hr-inner{\nwidth:50px;\nborder-color:#efbb20;\n}\n<\/style>\n<div  class='hr av-22ju6-c08cdf41eab59ae1e17538eafbb8c657 hr-custom  avia-builder-el-8  el_after_av_textblock  el_before_av_textblock  hr-left hr-icon-no'><span class='hr-inner inner-border-av-border-fat'><span class=\"hr-inner-style\"><\/span><\/span><\/div><br \/>\n<section  class='av_textblock_section av-f0hra-4de534bae606a209aea003f0cb1af10a '   itemscope=\"itemscope\" itemtype=\"https:\/\/schema.org\/CreativeWork\" ><div class='avia_textblock'  itemprop=\"text\" ><p><strong>Oficina Central<\/strong><br \/>Camino cuesta Blanquilla s\/n<\/p>\n<p>29100 COIN &#8211; (M\u00e1laga ) ESPA\u00d1A<\/p>\n<p><strong>Contacto<\/strong><br \/>hierroseuropa@hierroseuropa.com<br \/>Telefono : 952450042<\/p>\n<p>Movil:. 696 975 770<\/p>\n<p><strong>Horario de apertura:<\/strong><br \/>lunes a jueves: 8:00-14:00 y 15:00-18:00<\/p>\n<p>Viernes: 8:00-15:00<br \/>Sabado cerrado<\/p>\n<\/div><\/section><\/p><\/div><\/p>\n<section  class='av_textblock_section av-qo2m-37455cfa2a9bd5ffb7432c7661ddb670 '   itemscope=\"itemscope\" itemtype=\"https:\/\/schema.org\/CreativeWork\" ><div class='avia_textblock'  itemprop=\"text\" ><p style=\"text-align: center;\"><iframe loading=\"lazy\" style=\"border: 0;\" src=\"https:\/\/www.google.com\/maps\/embed?pb=!1m18!1m12!1m3!1d846.7430237742277!2d-4.7772073509630975!3d36.648534282717414!2m3!1f0!2f0!3f0!3m2!1i1024!2i768!4f13.1!3m3!1m2!1s0xd72dcf97e8c6891%3A0x81c8b91f6bf0c495!2sLugar+Partido+Cuesta+Blanquilla%2C+14%2C+29100+Co%C3%ADn%2C+M%C3%A1laga!5e1!3m2!1ses!2ses!4v1475663616850\" width=\"800\" height=\"600\" frameborder=\"0\" allowfullscreen=\"allowfullscreen\"><\/iframe><\/p>\n<\/div><\/section>\n","protected":false},"excerpt":{"rendered":"","protected":false},"author":1,"featured_media":0,"parent":0,"menu_order":0,"comment_status":"closed","ping_status":"closed","template":"","meta":{"footnotes":""},"class_list":["post-578","page","type-page","status-publish","hentry"],"yoast_head":"<!-- This site is optimized with the Yoast SEO plugin v25.1 - https:\/\/yoast.com\/wordpress\/plugins\/seo\/ -->\n<title>Contacto - Hierros Europa<\/title>\n<meta name=\"robots\" content=\"index, follow, max-snippet:-1, max-image-preview:large, max-video-preview:-1\" \/>\n<link rel=\"canonical\" href=\"https:\/\/hierroseuropa.com\/en\/contact\/\" \/>\n<meta property=\"og:locale\" content=\"en_US\" \/>\n<meta property=\"og:type\" content=\"article\" \/>\n<meta property=\"og:title\" content=\"Contacto - Hierros Europa\" \/>\n<meta property=\"og:url\" content=\"https:\/\/hierroseuropa.com\/en\/contact\/\" \/>\n<meta property=\"og:site_name\" content=\"Hierros Europa\" \/>\n<meta property=\"article:publisher\" content=\"https:\/\/www.facebook.com\/hierroseuropa\/\" \/>\n<meta property=\"article:modified_time\" content=\"2021-05-15T11:45:48+00:00\" \/>\n<meta name=\"twitter:card\" content=\"summary_large_image\" \/>\n<meta name=\"twitter:label1\" content=\"Est. reading time\" \/>\n\t<meta name=\"twitter:data1\" content=\"3 minutes\" \/>\n<script type=\"application\/ld+json\" class=\"yoast-schema-graph\">{\"@context\":\"https:\/\/schema.org\",\"@graph\":[{\"@type\":\"WebPage\",\"@id\":\"https:\/\/hierroseuropa.com\/en\/contact\/\",\"url\":\"https:\/\/hierroseuropa.com\/en\/contact\/\",\"name\":\"Contacto - Hierros Europa\",\"isPartOf\":{\"@id\":\"https:\/\/hierroseuropa.com\/#website\"},\"datePublished\":\"2015-10-15T15:32:40+00:00\",\"dateModified\":\"2021-05-15T11:45:48+00:00\",\"breadcrumb\":{\"@id\":\"https:\/\/hierroseuropa.com\/en\/contact\/#breadcrumb\"},\"inLanguage\":\"en-US\",\"potentialAction\":[{\"@type\":\"ReadAction\",\"target\":[\"https:\/\/hierroseuropa.com\/en\/contact\/\"]}]},{\"@type\":\"BreadcrumbList\",\"@id\":\"https:\/\/hierroseuropa.com\/en\/contact\/#breadcrumb\",\"itemListElement\":[{\"@type\":\"ListItem\",\"position\":1,\"name\":\"Portada\",\"item\":\"https:\/\/hierroseuropa.com\/home\/\"},{\"@type\":\"ListItem\",\"position\":2,\"name\":\"Contacto\"}]},{\"@type\":\"WebSite\",\"@id\":\"https:\/\/hierroseuropa.com\/#website\",\"url\":\"https:\/\/hierroseuropa.com\/\",\"name\":\"Hierros Europa\",\"description\":\"una empresa con proyecci\u00f3n de futuro.\",\"publisher\":{\"@id\":\"https:\/\/hierroseuropa.com\/#organization\"},\"potentialAction\":[{\"@type\":\"SearchAction\",\"target\":{\"@type\":\"EntryPoint\",\"urlTemplate\":\"https:\/\/hierroseuropa.com\/?s={search_term_string}\"},\"query-input\":{\"@type\":\"PropertyValueSpecification\",\"valueRequired\":true,\"valueName\":\"search_term_string\"}}],\"inLanguage\":\"en-US\"},{\"@type\":\"Organization\",\"@id\":\"https:\/\/hierroseuropa.com\/#organization\",\"name\":\"Hierros Europa\",\"url\":\"https:\/\/hierroseuropa.com\/\",\"logo\":{\"@type\":\"ImageObject\",\"inLanguage\":\"en-US\",\"@id\":\"https:\/\/hierroseuropa.com\/#\/schema\/logo\/image\/\",\"url\":\"https:\/\/hierroseuropa.com\/wp-content\/uploads\/2016\/10\/logohierroseuropa.png\",\"contentUrl\":\"https:\/\/hierroseuropa.com\/wp-content\/uploads\/2016\/10\/logohierroseuropa.png\",\"width\":300,\"height\":152,\"caption\":\"Hierros Europa\"},\"image\":{\"@id\":\"https:\/\/hierroseuropa.com\/#\/schema\/logo\/image\/\"},\"sameAs\":[\"https:\/\/www.facebook.com\/hierroseuropa\/\"]}]}<\/script>\n<!-- \/ Yoast SEO plugin. -->","yoast_head_json":{"title":"Contacto - Hierros Europa","robots":{"index":"index","follow":"follow","max-snippet":"max-snippet:-1","max-image-preview":"max-image-preview:large","max-video-preview":"max-video-preview:-1"},"canonical":"https:\/\/hierroseuropa.com\/en\/contact\/","og_locale":"en_US","og_type":"article","og_title":"Contacto - Hierros Europa","og_url":"https:\/\/hierroseuropa.com\/en\/contact\/","og_site_name":"Hierros Europa","article_publisher":"https:\/\/www.facebook.com\/hierroseuropa\/","article_modified_time":"2021-05-15T11:45:48+00:00","twitter_card":"summary_large_image","twitter_misc":{"Est. reading time":"3 minutes"},"schema":{"@context":"https:\/\/schema.org","@graph":[{"@type":"WebPage","@id":"https:\/\/hierroseuropa.com\/en\/contact\/","url":"https:\/\/hierroseuropa.com\/en\/contact\/","name":"Contacto - Hierros Europa","isPartOf":{"@id":"https:\/\/hierroseuropa.com\/#website"},"datePublished":"2015-10-15T15:32:40+00:00","dateModified":"2021-05-15T11:45:48+00:00","breadcrumb":{"@id":"https:\/\/hierroseuropa.com\/en\/contact\/#breadcrumb"},"inLanguage":"en-US","potentialAction":[{"@type":"ReadAction","target":["https:\/\/hierroseuropa.com\/en\/contact\/"]}]},{"@type":"BreadcrumbList","@id":"https:\/\/hierroseuropa.com\/en\/contact\/#breadcrumb","itemListElement":[{"@type":"ListItem","position":1,"name":"Portada","item":"https:\/\/hierroseuropa.com\/home\/"},{"@type":"ListItem","position":2,"name":"Contacto"}]},{"@type":"WebSite","@id":"https:\/\/hierroseuropa.com\/#website","url":"https:\/\/hierroseuropa.com\/","name":"Hierros Europa","description":"una empresa con proyecci\u00f3n de futuro.","publisher":{"@id":"https:\/\/hierroseuropa.com\/#organization"},"potentialAction":[{"@type":"SearchAction","target":{"@type":"EntryPoint","urlTemplate":"https:\/\/hierroseuropa.com\/?s={search_term_string}"},"query-input":{"@type":"PropertyValueSpecification","valueRequired":true,"valueName":"search_term_string"}}],"inLanguage":"en-US"},{"@type":"Organization","@id":"https:\/\/hierroseuropa.com\/#organization","name":"Hierros Europa","url":"https:\/\/hierroseuropa.com\/","logo":{"@type":"ImageObject","inLanguage":"en-US","@id":"https:\/\/hierroseuropa.com\/#\/schema\/logo\/image\/","url":"https:\/\/hierroseuropa.com\/wp-content\/uploads\/2016\/10\/logohierroseuropa.png","contentUrl":"https:\/\/hierroseuropa.com\/wp-content\/uploads\/2016\/10\/logohierroseuropa.png","width":300,"height":152,"caption":"Hierros Europa"},"image":{"@id":"https:\/\/hierroseuropa.com\/#\/schema\/logo\/image\/"},"sameAs":["https:\/\/www.facebook.com\/hierroseuropa\/"]}]}},"_links":{"self":[{"href":"https:\/\/hierroseuropa.com\/en\/wp-json\/wp\/v2\/pages\/578","targetHints":{"allow":["GET"]}}],"collection":[{"href":"https:\/\/hierroseuropa.com\/en\/wp-json\/wp\/v2\/pages"}],"about":[{"href":"https:\/\/hierroseuropa.com\/en\/wp-json\/wp\/v2\/types\/page"}],"author":[{"embeddable":true,"href":"https:\/\/hierroseuropa.com\/en\/wp-json\/wp\/v2\/users\/1"}],"replies":[{"embeddable":true,"href":"https:\/\/hierroseuropa.com\/en\/wp-json\/wp\/v2\/comments?post=578"}],"version-history":[{"count":2,"href":"https:\/\/hierroseuropa.com\/en\/wp-json\/wp\/v2\/pages\/578\/revisions"}],"predecessor-version":[{"id":897,"href":"https:\/\/hierroseuropa.com\/en\/wp-json\/wp\/v2\/pages\/578\/revisions\/897"}],"wp:attachment":[{"href":"https:\/\/hierroseuropa.com\/en\/wp-json\/wp\/v2\/media?parent=578"}],"curies":[{"name":"wp","href":"https:\/\/api.w.org\/{rel}","templated":true}]}}